{"id":775,"date":"2025-07-31T11:00:23","date_gmt":"2025-07-31T11:00:23","guid":{"rendered":"https:\/\/et.innovative-lab.de\/?page_id=775"},"modified":"2025-08-20T07:41:53","modified_gmt":"2025-08-20T07:41:53","slug":"kundenservice","status":"publish","type":"page","link":"https:\/\/et.innovative-lab.de\/index.php\/kundenservice\/","title":{"rendered":"Kundenservice"},"content":{"rendered":"\t\t<div data-elementor-type=\"wp-page\" data-elementor-id=\"775\" class=\"elementor elementor-775\" data-elementor-post-type=\"page\">\n\t\t\t\t<div class=\"elementor-element elementor-element-ce53337 e-con-full animated-slow e-flex elementor-invisible e-con e-parent\" data-id=\"ce53337\" data-element_type=\"container\" data-settings=\"{&quot;animation&quot;:&quot;fadeInUp&quot;,&quot;animation_mobile&quot;:&quot;fadeInUp&quot;}\">\n\t\t<div class=\"elementor-element elementor-element-8f6e60c e-con-full e-flex e-con e-child\" data-id=\"8f6e60c\" data-element_type=\"container\" data-settings=\"{&quot;background_background&quot;:&quot;classic&quot;}\">\n\t\t\t\t<div class=\"elementor-element elementor-element-e45ec14 elementor-widget elementor-widget-heading\" data-id=\"e45ec14\" data-element_type=\"widget\" data-widget_type=\"heading.default\">\n\t\t\t\t\t<h1 class=\"elementor-heading-title elementor-size-default\">Kundenservice f\u00fcr Gewerbe- und Privatkunden<\/h1>\t\t\t\t<\/div>\n\t\t\t\t<div class=\"elementor-element elementor-element-dd6eab6 elementor-widget elementor-widget-text-editor\" data-id=\"dd6eab6\" data-element_type=\"widget\" data-widget_type=\"text-editor.default\">\n\t\t\t\t\t\t\t\t\t<p>Pers\u00f6nlich, zuverl\u00e4ssig und schnell \u2013 wir sind genau dann f\u00fcr Sie da, wenn es darauf ankommt.<\/p>\t\t\t\t\t\t\t\t<\/div>\n\t\t\t\t<\/div>\n\t\t\t\t<\/div>\n\t\t<div class=\"elementor-element elementor-element-54513fa7 e-flex e-con-boxed e-con e-parent\" data-id=\"54513fa7\" data-element_type=\"container\">\n\t\t\t\t\t<div class=\"e-con-inner\">\n\t\t\t\t<div class=\"elementor-element elementor-element-a0b5fd0 elementor-widget elementor-widget-spacer\" data-id=\"a0b5fd0\" data-element_type=\"widget\" data-widget_type=\"spacer.default\">\n\t\t\t\t\t\t\t<div class=\"elementor-spacer\">\n\t\t\t<div class=\"elementor-spacer-inner\"><\/div>\n\t\t<\/div>\n\t\t\t\t\t\t<\/div>\n\t\t\t\t\t<\/div>\n\t\t\t\t<\/div>\n\t\t<div class=\"elementor-element elementor-element-68c4650 e-con-full e-flex e-con e-parent\" data-id=\"68c4650\" data-element_type=\"container\">\n\t\t<div class=\"elementor-element elementor-element-7b5c808 e-con-full e-flex e-con e-child\" data-id=\"7b5c808\" data-element_type=\"container\">\n\t\t\t\t<div class=\"elementor-element elementor-element-3c36ff6 elementor-widget elementor-widget-heading\" data-id=\"3c36ff6\" data-element_type=\"widget\" data-widget_type=\"heading.default\">\n\t\t\t\t\t<h2 class=\"elementor-heading-title elementor-size-default\">Kundendienst Verf\u00fcgbarkeit<\/h2>\t\t\t\t<\/div>\n\t\t\t\t<div class=\"elementor-element elementor-element-edb2e1e elementor-widget elementor-widget-text-editor\" data-id=\"edb2e1e\" data-element_type=\"widget\" data-widget_type=\"text-editor.default\">\n\t\t\t\t\t\t\t\t\t<p>Unser Kundendienst ist w\u00e4hrend unserer \u00d6ffnungszeiten und nach individueller Absprache f\u00fcr Sie verf\u00fcgbar.<\/p>\t\t\t\t\t\t\t\t<\/div>\n\t\t<div class=\"elementor-element elementor-element-bffb92d e-grid e-con-full e-con e-child\" data-id=\"bffb92d\" data-element_type=\"container\">\n\t\t\t\t<div class=\"elementor-element elementor-element-dbf001e elementor-widget elementor-widget-heading\" data-id=\"dbf001e\" data-element_type=\"widget\" data-widget_type=\"heading.default\">\n\t\t\t\t\t<h2 class=\"elementor-heading-title elementor-size-default\">Montag bis Donnerstag<\/h2>\t\t\t\t<\/div>\n\t\t\t\t<div class=\"elementor-element elementor-element-2c7d7fa elementor-widget elementor-widget-text-editor\" data-id=\"2c7d7fa\" data-element_type=\"widget\" data-widget_type=\"text-editor.default\">\n\t\t\t\t\t\t\t\t\t<p>07:00 \u2013 12:00 Uhr<\/p><p>13:00 \u2013 16:00 Uhr<\/p>\t\t\t\t\t\t\t\t<\/div>\n\t\t\t\t<div class=\"elementor-element elementor-element-442e852 elementor-widget elementor-widget-text-editor\" data-id=\"442e852\" data-element_type=\"widget\" data-widget_type=\"text-editor.default\">\n\t\t\t\t\t\t\t\t\t<p>Freitag<\/p>\t\t\t\t\t\t\t\t<\/div>\n\t\t\t\t<div class=\"elementor-element elementor-element-114a76f elementor-widget elementor-widget-text-editor\" data-id=\"114a76f\" data-element_type=\"widget\" data-widget_type=\"text-editor.default\">\n\t\t\t\t\t\t\t\t\t<p>07:00 \u2013 12:00 Uhr<\/p>\t\t\t\t\t\t\t\t<\/div>\n\t\t\t\t<\/div>\n\t\t\t\t<\/div>\n\t\t<div class=\"elementor-element elementor-element-bfb5f13 e-con-full e-flex e-con e-child\" data-id=\"bfb5f13\" data-element_type=\"container\">\n\t\t<div class=\"elementor-element elementor-element-e49f836 e-con-full e-flex e-con e-child\" data-id=\"e49f836\" data-element_type=\"container\" data-settings=\"{&quot;background_background&quot;:&quot;classic&quot;}\">\n\t\t\t\t<\/div>\n\t\t\t\t<\/div>\n\t\t\t\t<\/div>\n\t\t<div class=\"elementor-element elementor-element-6b52912d e-flex e-con-boxed e-con e-parent\" data-id=\"6b52912d\" data-element_type=\"container\">\n\t\t\t\t\t<div class=\"e-con-inner\">\n\t\t\t\t<div class=\"elementor-element elementor-element-181e9e0a elementor-widget elementor-widget-spacer\" data-id=\"181e9e0a\" data-element_type=\"widget\" data-widget_type=\"spacer.default\">\n\t\t\t\t\t\t\t<div class=\"elementor-spacer\">\n\t\t\t<div class=\"elementor-spacer-inner\"><\/div>\n\t\t<\/div>\n\t\t\t\t\t\t<\/div>\n\t\t\t\t\t<\/div>\n\t\t\t\t<\/div>\n\t\t<div class=\"elementor-element elementor-element-a244352 e-con-full e-flex e-con e-parent\" data-id=\"a244352\" data-element_type=\"container\" data-settings=\"{&quot;background_background&quot;:&quot;gradient&quot;}\">\n\t\t<div class=\"elementor-element elementor-element-9241ba2 e-con-full e-flex e-con e-child\" data-id=\"9241ba2\" data-element_type=\"container\">\n\t\t\t\t<div class=\"elementor-element elementor-element-435aece elementor-widget elementor-widget-heading\" data-id=\"435aece\" data-element_type=\"widget\" data-widget_type=\"heading.default\">\n\t\t\t\t\t<h2 class=\"elementor-heading-title elementor-size-default\">Rundum-Service f\u00fcr Ihre Haushaltsger\u00e4te<\/h2>\t\t\t\t<\/div>\n\t\t\t\t<div class=\"elementor-element elementor-element-99d6c49 elementor-widget elementor-widget-text-editor\" data-id=\"99d6c49\" data-element_type=\"widget\" data-widget_type=\"text-editor.default\">\n\t\t\t\t\t\t\t\t\t<p>Bei Elektro Thies erhalten Sie Beratung, Aufstellung, Reparatur und Wartung Ihrer Haushaltsger\u00e4te von Marken wie AEG, Bosch, Liebherr und Miele \u2013 alles aus einer Hand.<\/p>\t\t\t\t\t\t\t\t<\/div>\n\t\t\t\t<\/div>\n\t\t<div class=\"elementor-element elementor-element-d999d06 e-con-full e-flex e-con e-child\" data-id=\"d999d06\" data-element_type=\"container\" data-settings=\"{&quot;background_background&quot;:&quot;classic&quot;}\">\n\t\t<div class=\"elementor-element elementor-element-016b695 e-con-full e-flex e-con e-child\" data-id=\"016b695\" data-element_type=\"container\" data-settings=\"{&quot;background_background&quot;:&quot;classic&quot;}\">\n\t\t\t\t<\/div>\n\t\t\t\t<\/div>\n\t\t\t\t<\/div>\n\t\t<div class=\"elementor-element elementor-element-75923ee e-con-full e-flex e-con e-parent\" data-id=\"75923ee\" data-element_type=\"container\" data-settings=\"{&quot;background_background&quot;:&quot;classic&quot;}\">\n\t\t<div class=\"elementor-element elementor-element-89edfb6 e-con-full e-flex e-con e-child\" data-id=\"89edfb6\" data-element_type=\"container\">\n\t\t\t\t<div class=\"elementor-element elementor-element-2701b5b elementor-widget elementor-widget-heading\" data-id=\"2701b5b\" data-element_type=\"widget\" data-widget_type=\"heading.default\">\n\t\t\t\t\t<h2 class=\"elementor-heading-title elementor-size-default\">Umkreis<\/h2>\t\t\t\t<\/div>\n\t\t\t\t<div class=\"elementor-element elementor-element-ce0088c elementor-widget elementor-widget-text-editor\" data-id=\"ce0088c\" data-element_type=\"widget\" data-widget_type=\"text-editor.default\">\n\t\t\t\t\t\t\t\t\t<p>Elektro\u202fThies ist Ihr regionaler Partner rund um Gescher \u2013 wir sind im Umkreis von ca.\u202f50\u202fkm f\u00fcr Sie unterwegs, unter anderem in M\u00fcnster (~50\u202fkm), Borken, Ahaus, Stadtlohn, Gronau und dem \u00f6stlichen Ruhrgebiet.<\/p>\t\t\t\t\t\t\t\t<\/div>\n\t\t\t\t<\/div>\n\t\t<div class=\"elementor-element elementor-element-6443419 e-con-full e-flex e-con e-child\" data-id=\"6443419\" data-element_type=\"container\">\n\t\t\t\t<div class=\"elementor-element elementor-element-68854e9 elementor-widget elementor-widget-google_maps\" data-id=\"68854e9\" data-element_type=\"widget\" data-widget_type=\"google_maps.default\">\n\t\t\t\t\t\t\t<div class=\"elementor-custom-embed\">\n\t\t\t<iframe loading=\"lazy\"\n\t\t\t\t\tsrc=\"https:\/\/maps.google.com\/maps?q=Elektro%20Thies%20GmbH%20%26%20Co.%20KG%20Schollenkamp%2026%2048712%20Gescher&#038;t=m&#038;z=10&#038;output=embed&#038;iwloc=near\"\n\t\t\t\t\ttitle=\"Elektro Thies GmbH &amp; Co. KG Schollenkamp 26 48712 Gescher\"\n\t\t\t\t\taria-label=\"Elektro Thies GmbH &amp; Co. KG Schollenkamp 26 48712 Gescher\"\n\t\t\t><\/iframe>\n\t\t<\/div>\n\t\t\t\t\t\t<\/div>\n\t\t\t\t<\/div>\n\t\t\t\t<\/div>\n\t\t<div class=\"elementor-element elementor-element-744ff63a e-flex e-con-boxed e-con e-parent\" data-id=\"744ff63a\" data-element_type=\"container\">\n\t\t\t\t\t<div class=\"e-con-inner\">\n\t\t\t\t<div class=\"elementor-element elementor-element-6a43a3f3 elementor-widget elementor-widget-spacer\" data-id=\"6a43a3f3\" data-element_type=\"widget\" data-widget_type=\"spacer.default\">\n\t\t\t\t\t\t\t<div class=\"elementor-spacer\">\n\t\t\t<div class=\"elementor-spacer-inner\"><\/div>\n\t\t<\/div>\n\t\t\t\t\t\t<\/div>\n\t\t\t\t\t<\/div>\n\t\t\t\t<\/div>\n\t\t\t\t<\/div>\n\t\t","protected":false},"excerpt":{"rendered":"<p>Kundenservice f\u00fcr Gewerbe- und Privatkunden Pers\u00f6nlich, zuverl\u00e4ssig und schnell \u2013 wir sind genau dann f\u00fcr Sie da, wenn es darauf ankommt. Kundendienst Verf\u00fcgbarkeit Unser Kundendienst ist w\u00e4hrend unserer \u00d6ffnungszeiten und nach individueller Absprache f\u00fcr Sie verf\u00fcgbar. Montag bis Donnerstag 07:00 \u2013 12:00 Uhr 13:00 \u2013 16:00 Uhr Freitag 07:00 \u2013 12:00 Uhr Rundum-Service f\u00fcr Ihre [&hellip;]<\/p>\n","protected":false},"author":2,"featured_media":0,"parent":0,"menu_order":0,"comment_status":"closed","ping_status":"closed","template":"","meta":{"footnotes":""},"class_list":["post-775","page","type-page","status-publish","hentry"],"_links":{"self":[{"href":"https:\/\/et.innovative-lab.de\/index.php\/wp-json\/wp\/v2\/pages\/775","targetHints":{"allow":["GET"]}}],"collection":[{"href":"https:\/\/et.innovative-lab.de\/index.php\/wp-json\/wp\/v2\/pages"}],"about":[{"href":"https:\/\/et.innovative-lab.de\/index.php\/wp-json\/wp\/v2\/types\/page"}],"author":[{"embeddable":true,"href":"https:\/\/et.innovative-lab.de\/index.php\/wp-json\/wp\/v2\/users\/2"}],"replies":[{"embeddable":true,"href":"https:\/\/et.innovative-lab.de\/index.php\/wp-json\/wp\/v2\/comments?post=775"}],"version-history":[{"count":91,"href":"https:\/\/et.innovative-lab.de\/index.php\/wp-json\/wp\/v2\/pages\/775\/revisions"}],"predecessor-version":[{"id":1668,"href":"https:\/\/et.innovative-lab.de\/index.php\/wp-json\/wp\/v2\/pages\/775\/revisions\/1668"}],"wp:attachment":[{"href":"https:\/\/et.innovative-lab.de\/index.php\/wp-json\/wp\/v2\/media?parent=775"}],"curies":[{"name":"wp","href":"https:\/\/api.w.org\/{rel}","templated":true}]}}