{"id":752,"date":"2025-07-31T09:57:19","date_gmt":"2025-07-31T09:57:19","guid":{"rendered":"https:\/\/et.innovative-lab.de\/?page_id=752"},"modified":"2025-08-20T14:44:24","modified_gmt":"2025-08-20T14:44:24","slug":"ueber-uns","status":"publish","type":"page","link":"https:\/\/et.innovative-lab.de\/index.php\/ueber-uns\/","title":{"rendered":"\u00dcber Uns"},"content":{"rendered":"\t\t<div data-elementor-type=\"wp-page\" data-elementor-id=\"752\" class=\"elementor elementor-752\" data-elementor-post-type=\"page\">\n\t\t\t\t<div class=\"elementor-element elementor-element-4a92ae0 e-con-full animated-slow e-flex elementor-invisible e-con e-parent\" data-id=\"4a92ae0\" data-element_type=\"container\" data-settings=\"{&quot;animation&quot;:&quot;fadeInUp&quot;}\">\n\t\t<div class=\"elementor-element elementor-element-60bba1a e-con-full e-flex e-con e-child\" data-id=\"60bba1a\" data-element_type=\"container\" data-settings=\"{&quot;background_background&quot;:&quot;classic&quot;}\">\n\t\t\t\t<div class=\"elementor-element elementor-element-fe3a03a elementor-widget elementor-widget-heading\" data-id=\"fe3a03a\" data-element_type=\"widget\" data-widget_type=\"heading.default\">\n\t\t\t\t\t<h1 class=\"elementor-heading-title elementor-size-default\">Unternehmen in zweiter Generation<\/h1>\t\t\t\t<\/div>\n\t\t\t\t<div class=\"elementor-element elementor-element-68a221e elementor-widget elementor-widget-text-editor\" data-id=\"68a221e\" data-element_type=\"widget\" data-widget_type=\"text-editor.default\">\n\t\t\t\t\t\t\t\t\t<p>Elektro Thies steht seit \u00fcber 40 Jahren f\u00fcr Verl\u00e4sslichkeit, Qualit\u00e4t und Kompetenz \u2013 Ihr starker Partner f\u00fcr Elektrotechnik.<\/p>\t\t\t\t\t\t\t\t<\/div>\n\t\t\t\t<\/div>\n\t\t\t\t<\/div>\n\t\t<div class=\"elementor-element elementor-element-4f159a8f e-con-full e-flex e-con e-parent\" data-id=\"4f159a8f\" data-element_type=\"container\">\n\t\t\t\t<div class=\"elementor-element elementor-element-b5b38b9 elementor-widget elementor-widget-spacer\" data-id=\"b5b38b9\" data-element_type=\"widget\" data-widget_type=\"spacer.default\">\n\t\t\t\t\t\t\t<div class=\"elementor-spacer\">\n\t\t\t<div class=\"elementor-spacer-inner\"><\/div>\n\t\t<\/div>\n\t\t\t\t\t\t<\/div>\n\t\t\t\t<\/div>\n\t\t<div class=\"elementor-element elementor-element-6f44866 e-con-full e-flex e-con e-child\" data-id=\"6f44866\" data-element_type=\"container\" data-settings=\"{&quot;background_background&quot;:&quot;gradient&quot;}\">\n\t\t<div class=\"elementor-element elementor-element-2ed8e6d e-con-full e-flex e-con e-child\" data-id=\"2ed8e6d\" data-element_type=\"container\" data-settings=\"{&quot;background_background&quot;:&quot;classic&quot;}\">\n\t\t\t\t<\/div>\n\t\t<div class=\"elementor-element elementor-element-af3dea4 e-con-full e-flex e-con e-child\" data-id=\"af3dea4\" data-element_type=\"container\">\n\t\t\t\t<div class=\"elementor-element elementor-element-f1c08bf elementor-hidden-desktop elementor-hidden-tablet elementor-widget elementor-widget-heading\" data-id=\"f1c08bf\" data-element_type=\"widget\" data-widget_type=\"heading.default\">\n\t\t\t\t\t<h2 class=\"elementor-heading-title elementor-size-default\">Familienbetrieb seit \u00fcber 40 Jahren<\/h2>\t\t\t\t<\/div>\n\t\t\t\t<div class=\"elementor-element elementor-element-12462d6 elementor-hidden-mobile elementor-widget elementor-widget-heading\" data-id=\"12462d6\" data-element_type=\"widget\" data-widget_type=\"heading.default\">\n\t\t\t\t\t<h2 class=\"elementor-heading-title elementor-size-default\">Familienbetrieb seit \u00fcber 40 Jahren<\/h2>\t\t\t\t<\/div>\n\t\t\t\t<div class=\"elementor-element elementor-element-e95b4d6 elementor-widget elementor-widget-text-editor\" data-id=\"e95b4d6\" data-element_type=\"widget\" data-widget_type=\"text-editor.default\">\n\t\t\t\t\t\t\t\t\t<p>Elektro Thies steht seit Generationen f\u00fcr zuverl\u00e4ssige Elektroinstallationen, pers\u00f6nliche Beratung und moderne L\u00f6sungen \u2013 immer mit dem Anspruch, Qualit\u00e4t und Service zu verbinden. Regional verwurzelt, zukunftsorientiert und f\u00fcr unsere Kunden da: #SpannungPur.<\/p>\t\t\t\t\t\t\t\t<\/div>\n\t\t<div class=\"elementor-element elementor-element-36bb191 e-grid e-con-full e-con e-child\" data-id=\"36bb191\" data-element_type=\"container\">\n\t\t\t\t<div class=\"elementor-element elementor-element-be6e0bf elementor-widget elementor-widget-heading\" data-id=\"be6e0bf\" data-element_type=\"widget\" data-widget_type=\"heading.default\">\n\t\t\t\t\t<h2 class=\"elementor-heading-title elementor-size-default\">4<\/h2>\t\t\t\t<\/div>\n\t\t\t\t<div class=\"elementor-element elementor-element-585ae7a elementor-widget elementor-widget-heading\" data-id=\"585ae7a\" data-element_type=\"widget\" data-widget_type=\"heading.default\">\n\t\t\t\t\t<h2 class=\"elementor-heading-title elementor-size-default\">2<\/h2>\t\t\t\t<\/div>\n\t\t\t\t<div class=\"elementor-element elementor-element-e84ab41 elementor-widget elementor-widget-heading\" data-id=\"e84ab41\" data-element_type=\"widget\" data-widget_type=\"heading.default\">\n\t\t\t\t\t<h2 class=\"elementor-heading-title elementor-size-default\">1<\/h2>\t\t\t\t<\/div>\n\t\t\t\t<div class=\"elementor-element elementor-element-e8f824b elementor-widget elementor-widget-text-editor\" data-id=\"e8f824b\" data-element_type=\"widget\" data-widget_type=\"text-editor.default\">\n\t\t\t\t\t\t\t\t\tengagierte<br> Gesellen\t\t\t\t\t\t\t\t<\/div>\n\t\t\t\t<div class=\"elementor-element elementor-element-d885e3b elementor-widget elementor-widget-text-editor\" data-id=\"d885e3b\" data-element_type=\"widget\" data-widget_type=\"text-editor.default\">\n\t\t\t\t\t\t\t\t\t<p>motivierte Lehrlinge<\/p>\t\t\t\t\t\t\t\t<\/div>\n\t\t\t\t<div class=\"elementor-element elementor-element-81c3fd6 elementor-widget elementor-widget-text-editor\" data-id=\"81c3fd6\" data-element_type=\"widget\" data-widget_type=\"text-editor.default\">\n\t\t\t\t\t\t\t\t\t<p>Meister<\/p>\t\t\t\t\t\t\t\t<\/div>\n\t\t\t\t<\/div>\n\t\t\t\t<\/div>\n\t\t\t\t<\/div>\n\t\t<div class=\"elementor-element elementor-element-7c75cbc3 e-con-full e-flex e-con e-parent\" data-id=\"7c75cbc3\" data-element_type=\"container\">\n\t\t\t\t<div class=\"elementor-element elementor-element-5a417aef elementor-widget elementor-widget-spacer\" data-id=\"5a417aef\" data-element_type=\"widget\" data-widget_type=\"spacer.default\">\n\t\t\t\t\t\t\t<div class=\"elementor-spacer\">\n\t\t\t<div class=\"elementor-spacer-inner\"><\/div>\n\t\t<\/div>\n\t\t\t\t\t\t<\/div>\n\t\t\t\t<\/div>\n\t\t<div class=\"elementor-element elementor-element-0eec80e e-con-full e-flex e-con e-parent\" data-id=\"0eec80e\" data-element_type=\"container\">\n\t\t\t\t<div class=\"elementor-element elementor-element-d467e05 elementor-widget elementor-widget-heading\" data-id=\"d467e05\" data-element_type=\"widget\" data-widget_type=\"heading.default\">\n\t\t\t\t\t<h2 class=\"elementor-heading-title elementor-size-default\">Wof\u00fcr wir stehen<\/h2>\t\t\t\t<\/div>\n\t\t<div class=\"elementor-element elementor-element-71bec31 e-con-full elementor-hidden-tablet elementor-hidden-mobile e-flex e-con e-child\" data-id=\"71bec31\" data-element_type=\"container\">\n\t\t<div class=\"elementor-element elementor-element-fb3d91c e-con-full e-flex e-con e-child\" data-id=\"fb3d91c\" data-element_type=\"container\" data-settings=\"{&quot;background_background&quot;:&quot;gradient&quot;}\">\n\t\t\t\t<div class=\"elementor-element elementor-element-4fcbc06 elementor-widget elementor-widget-heading\" data-id=\"4fcbc06\" data-element_type=\"widget\" data-widget_type=\"heading.default\">\n\t\t\t\t\t<h2 class=\"elementor-heading-title elementor-size-default\">Qualit\u00e4t<\/h2>\t\t\t\t<\/div>\n\t\t\t\t<div class=\"elementor-element elementor-element-b1f18c0 elementor-widget elementor-widget-text-editor\" data-id=\"b1f18c0\" data-element_type=\"widget\" data-widget_type=\"text-editor.default\">\n\t\t\t\t\t\t\t\t\t<p>Wir setzen auf saubere Arbeit, moderne Technik und langlebige L\u00f6sungen \u2013 f\u00fcr Ergebnisse, die \u00fcberzeugen.<\/p>\t\t\t\t\t\t\t\t<\/div>\n\t\t\t\t<\/div>\n\t\t<div class=\"elementor-element elementor-element-29c222a e-con-full e-flex e-con e-child\" data-id=\"29c222a\" data-element_type=\"container\" data-settings=\"{&quot;background_background&quot;:&quot;gradient&quot;}\">\n\t\t\t\t<div class=\"elementor-element elementor-element-4c22411 elementor-widget elementor-widget-heading\" data-id=\"4c22411\" data-element_type=\"widget\" data-widget_type=\"heading.default\">\n\t\t\t\t\t<h2 class=\"elementor-heading-title elementor-size-default\">Service<\/h2>\t\t\t\t<\/div>\n\t\t\t\t<div class=\"elementor-element elementor-element-9bf6bff elementor-widget elementor-widget-text-editor\" data-id=\"9bf6bff\" data-element_type=\"widget\" data-widget_type=\"text-editor.default\">\n\t\t\t\t\t\t\t\t\t<p>Als Betrieb in zweiter Generation pflegen wir ein pers\u00f6nliches Miteinander \u2013 im Team wie mit unseren Kunden.<\/p>\t\t\t\t\t\t\t\t<\/div>\n\t\t\t\t<\/div>\n\t\t<div class=\"elementor-element elementor-element-00ed3ed e-con-full e-flex e-con e-child\" data-id=\"00ed3ed\" data-element_type=\"container\" data-settings=\"{&quot;background_background&quot;:&quot;gradient&quot;}\">\n\t\t\t\t<div class=\"elementor-element elementor-element-288d1aa elementor-widget elementor-widget-heading\" data-id=\"288d1aa\" data-element_type=\"widget\" data-widget_type=\"heading.default\">\n\t\t\t\t\t<h2 class=\"elementor-heading-title elementor-size-default\">Regional<\/h2>\t\t\t\t<\/div>\n\t\t\t\t<div class=\"elementor-element elementor-element-985d998 elementor-widget elementor-widget-text-editor\" data-id=\"985d998\" data-element_type=\"widget\" data-widget_type=\"text-editor.default\">\n\t\t\t\t\t\t\t\t\t<p>Wir sind in der Region verwurzelt und f\u00fcr unsere Kunden vor Ort da \u2013 verl\u00e4sslich, nahbar und engagiert.<\/p>\t\t\t\t\t\t\t\t<\/div>\n\t\t\t\t<\/div>\n\t\t\t\t<\/div>\n\t\t<div class=\"elementor-element elementor-element-bba78bb e-con-full elementor-hidden-desktop e-flex e-con e-child\" data-id=\"bba78bb\" data-element_type=\"container\">\n\t\t\t\t<div class=\"elementor-element elementor-element-a29989e elementor-pagination-type-bullets elementor-arrows-position-inside elementor-pagination-position-outside elementor-widget elementor-widget-n-carousel\" data-id=\"a29989e\" data-element_type=\"widget\" data-settings=\"{&quot;carousel_items&quot;:[{&quot;slide_title&quot;:&quot;Slide #1&quot;,&quot;_id&quot;:&quot;cada478&quot;},{&quot;slide_title&quot;:&quot;Slide #2&quot;,&quot;_id&quot;:&quot;f1bc06a&quot;},{&quot;slide_title&quot;:&quot;Slide #3&quot;,&quot;_id&quot;:&quot;5e2a88c&quot;}],&quot;image_spacing_custom_tablet&quot;:{&quot;unit&quot;:&quot;px&quot;,&quot;size&quot;:60,&quot;sizes&quot;:[]},&quot;offset_sides&quot;:&quot;right&quot;,&quot;offset_width_tablet&quot;:{&quot;unit&quot;:&quot;px&quot;,&quot;size&quot;:90,&quot;sizes&quot;:[]},&quot;offset_width_mobile&quot;:{&quot;unit&quot;:&quot;px&quot;,&quot;size&quot;:60,&quot;sizes&quot;:[]},&quot;image_spacing_custom_mobile&quot;:{&quot;unit&quot;:&quot;px&quot;,&quot;size&quot;:15,&quot;sizes&quot;:[]},&quot;slides_to_show_tablet&quot;:&quot;2&quot;,&quot;slides_to_show_mobile&quot;:&quot;1&quot;,&quot;autoplay&quot;:&quot;yes&quot;,&quot;autoplay_speed&quot;:5000,&quot;pause_on_hover&quot;:&quot;yes&quot;,&quot;pause_on_interaction&quot;:&quot;yes&quot;,&quot;infinite&quot;:&quot;yes&quot;,&quot;speed&quot;:500,&quot;offset_width&quot;:{&quot;unit&quot;:&quot;px&quot;,&quot;size&quot;:80,&quot;sizes&quot;:[]},&quot;arrows&quot;:&quot;yes&quot;,&quot;pagination&quot;:&quot;bullets&quot;,&quot;image_spacing_custom&quot;:{&quot;unit&quot;:&quot;px&quot;,&quot;size&quot;:10,&quot;sizes&quot;:[]}}\" data-widget_type=\"nested-carousel.default\">\n\t\t\t\t\t\t\t<div class=\"e-n-carousel swiper\" role=\"region\" aria-roledescription=\"carousel\" aria-label=\"Karussell\" dir=\"ltr\">\n\t\t\t<div class=\"swiper-wrapper\" aria-live=\"off\">\n\t\t\t\t\t\t\t\t\t\t<div class=\"swiper-slide\" data-slide=\"1\" role=\"group\" aria-roledescription=\"slide\" aria-label=\"1 von 3\">\n\t\t\t\t\t\t\t<div class=\"elementor-element elementor-element-963a716 e-con-full e-flex e-con e-child\" data-id=\"963a716\" data-element_type=\"container\">\n\t\t<div class=\"elementor-element elementor-element-ad384ce e-con-full e-flex e-con e-child\" data-id=\"ad384ce\" data-element_type=\"container\" data-settings=\"{&quot;background_background&quot;:&quot;gradient&quot;}\">\n\t\t\t\t<div class=\"elementor-element elementor-element-2833147 elementor-widget elementor-widget-heading\" data-id=\"2833147\" data-element_type=\"widget\" data-widget_type=\"heading.default\">\n\t\t\t\t\t<h2 class=\"elementor-heading-title elementor-size-default\">Qualit\u00e4t<\/h2>\t\t\t\t<\/div>\n\t\t\t\t<div class=\"elementor-element elementor-element-fd4e0cf elementor-widget elementor-widget-text-editor\" data-id=\"fd4e0cf\" data-element_type=\"widget\" data-widget_type=\"text-editor.default\">\n\t\t\t\t\t\t\t\t\t<p>Wir setzen auf saubere Arbeit, moderne Technik und langlebige L\u00f6sungen \u2013 f\u00fcr Ergebnisse, die \u00fcberzeugen.<\/p>\t\t\t\t\t\t\t\t<\/div>\n\t\t\t\t<\/div>\n\t\t\t\t<\/div>\n\t\t\t\t\t\t\t\t<\/div>\n\t\t\t\t\t\t\t\t\t\t\t<div class=\"swiper-slide\" data-slide=\"2\" role=\"group\" aria-roledescription=\"slide\" aria-label=\"2 von 3\">\n\t\t\t\t\t\t\t<div class=\"elementor-element elementor-element-553aecc e-con-full e-flex e-con e-child\" data-id=\"553aecc\" data-element_type=\"container\">\n\t\t<div class=\"elementor-element elementor-element-cfb0fe3 e-con-full e-flex e-con e-child\" data-id=\"cfb0fe3\" data-element_type=\"container\" data-settings=\"{&quot;background_background&quot;:&quot;gradient&quot;}\">\n\t\t\t\t<div class=\"elementor-element elementor-element-4e5b0cf elementor-widget elementor-widget-heading\" data-id=\"4e5b0cf\" data-element_type=\"widget\" data-widget_type=\"heading.default\">\n\t\t\t\t\t<h2 class=\"elementor-heading-title elementor-size-default\">Famili\u00e4r<\/h2>\t\t\t\t<\/div>\n\t\t\t\t<div class=\"elementor-element elementor-element-ac60325 elementor-widget elementor-widget-text-editor\" data-id=\"ac60325\" data-element_type=\"widget\" data-widget_type=\"text-editor.default\">\n\t\t\t\t\t\t\t\t\t<p>Als Betrieb in zweiter Generation pflegen wir ein pers\u00f6nliches Miteinander \u2013 im Team wie mit unseren Kunden.<\/p>\t\t\t\t\t\t\t\t<\/div>\n\t\t\t\t<\/div>\n\t\t\t\t<\/div>\n\t\t\t\t\t\t\t\t<\/div>\n\t\t\t\t\t\t\t\t\t\t\t<div class=\"swiper-slide\" data-slide=\"3\" role=\"group\" aria-roledescription=\"slide\" aria-label=\"3 von 3\">\n\t\t\t\t\t\t\t<div class=\"elementor-element elementor-element-6c415ed e-con-full e-flex e-con e-child\" data-id=\"6c415ed\" data-element_type=\"container\">\n\t\t<div class=\"elementor-element elementor-element-113f0be e-con-full e-flex e-con e-child\" data-id=\"113f0be\" data-element_type=\"container\" data-settings=\"{&quot;background_background&quot;:&quot;gradient&quot;}\">\n\t\t\t\t<div class=\"elementor-element elementor-element-5587c7d elementor-widget elementor-widget-heading\" data-id=\"5587c7d\" data-element_type=\"widget\" data-widget_type=\"heading.default\">\n\t\t\t\t\t<h2 class=\"elementor-heading-title elementor-size-default\">Regional<\/h2>\t\t\t\t<\/div>\n\t\t\t\t<div class=\"elementor-element elementor-element-89c82d9 elementor-widget elementor-widget-text-editor\" data-id=\"89c82d9\" data-element_type=\"widget\" data-widget_type=\"text-editor.default\">\n\t\t\t\t\t\t\t\t\t<p>Wir sind in der Region verwurzelt und f\u00fcr unsere Kunden vor Ort da \u2013 verl\u00e4sslich, nahbar und engagiert.<\/p>\t\t\t\t\t\t\t\t<\/div>\n\t\t\t\t<\/div>\n\t\t\t\t<\/div>\n\t\t\t\t\t\t\t\t<\/div>\n\t\t\t\t\t\t\t\t<\/div>\n\t\t<\/div>\n\t\t\t\t\t<div class=\"elementor-swiper-button elementor-swiper-button-prev\" role=\"button\" tabindex=\"0\" aria-label=\"Voriger\">\n\t\t\t\t<svg aria-hidden=\"true\" class=\"e-font-icon-svg e-eicon-chevron-left\" viewBox=\"0 0 1000 1000\" xmlns=\"http:\/\/www.w3.org\/2000\/svg\"><path d=\"M646 125C629 125 613 133 604 142L308 442C296 454 292 471 292 487 292 504 296 521 308 533L604 854C617 867 629 875 646 875 663 875 679 871 692 858 704 846 713 829 713 812 713 796 708 779 692 767L438 487 692 225C700 217 708 204 708 187 708 171 704 154 692 142 675 129 663 125 646 125Z\"><\/path><\/svg>\t\t\t<\/div>\n\t\t\t<div class=\"elementor-swiper-button elementor-swiper-button-next\" role=\"button\" tabindex=\"0\" aria-label=\"N\u00e4chster\">\n\t\t\t\t<svg aria-hidden=\"true\" class=\"e-font-icon-svg e-eicon-chevron-right\" viewBox=\"0 0 1000 1000\" xmlns=\"http:\/\/www.w3.org\/2000\/svg\"><path d=\"M696 533C708 521 713 504 713 487 713 471 708 454 696 446L400 146C388 133 375 125 354 125 338 125 325 129 313 142 300 154 292 171 292 187 292 204 296 221 308 233L563 492 304 771C292 783 288 800 288 817 288 833 296 850 308 863 321 871 338 875 354 875 371 875 388 867 400 854L696 533Z\"><\/path><\/svg>\t\t\t<\/div>\n\t\t\t\t\t<div class=\"swiper-pagination\"><\/div>\n\t\t\t\t\t\t<\/div>\n\t\t\t\t<\/div>\n\t\t\t\t<\/div>\n\t\t<div class=\"elementor-element elementor-element-927d293 e-con-full e-flex e-con e-parent\" data-id=\"927d293\" data-element_type=\"container\">\n\t\t<div class=\"elementor-element elementor-element-0efebda e-con-full e-flex e-con e-child\" data-id=\"0efebda\" data-element_type=\"container\" data-settings=\"{&quot;background_background&quot;:&quot;classic&quot;}\">\n\t\t<div class=\"elementor-element elementor-element-014af9d e-con-full e-flex e-con e-child\" data-id=\"014af9d\" data-element_type=\"container\" data-settings=\"{&quot;background_background&quot;:&quot;classic&quot;}\">\n\t\t\t\t<\/div>\n\t\t<div class=\"elementor-element elementor-element-42203a1 e-con-full e-flex e-con e-child\" data-id=\"42203a1\" data-element_type=\"container\">\n\t\t<div class=\"elementor-element elementor-element-b1bd409 e-con-full e-flex e-con e-child\" data-id=\"b1bd409\" data-element_type=\"container\" data-settings=\"{&quot;background_background&quot;:&quot;classic&quot;}\">\n\t\t\t\t<\/div>\n\t\t\t\t<\/div>\n\t\t\t\t<\/div>\n\t\t<div class=\"elementor-element elementor-element-e28b667 e-con-full e-flex e-con e-child\" data-id=\"e28b667\" data-element_type=\"container\">\n\t\t\t\t<div class=\"elementor-element elementor-element-c32f3a5 elementor-widget elementor-widget-heading\" data-id=\"c32f3a5\" data-element_type=\"widget\" data-widget_type=\"heading.default\">\n\t\t\t\t\t<h2 class=\"elementor-heading-title elementor-size-default\">Verweis offene Stellen<\/h2>\t\t\t\t<\/div>\n\t\t\t\t<div class=\"elementor-element elementor-element-1abf362 elementor-widget elementor-widget-text-editor\" data-id=\"1abf362\" data-element_type=\"widget\" data-widget_type=\"text-editor.default\">\n\t\t\t\t\t\t\t\t\t<p>Werde Teil unseres Teams und gestalte mit uns die Energie von morgen. Entdecke jetzt unsere offenen Stellen \u2013 deine Chance auf einen zukunftssicheren Job mit #SpannungPur.<\/p>\t\t\t\t\t\t\t\t<\/div>\n\t\t\t\t<div class=\"elementor-element elementor-element-413c19c elementor-align-left elementor-widget elementor-widget-button\" data-id=\"413c19c\" data-element_type=\"widget\" data-widget_type=\"button.default\">\n\t\t\t\t\t\t\t\t\t\t<a class=\"elementor-button elementor-button-link elementor-size-sm\" href=\"https:\/\/et.innovative-lab.de\/index.php\/jobanzeigen\/\">\n\t\t\t\t\t\t<span class=\"elementor-button-content-wrapper\">\n\t\t\t\t\t\t\t\t\t<span class=\"elementor-button-text\">Zu den offenen Stellen<\/span>\n\t\t\t\t\t<\/span>\n\t\t\t\t\t<\/a>\n\t\t\t\t\t\t\t\t<\/div>\n\t\t\t\t<\/div>\n\t\t\t\t<\/div>\n\t\t<div class=\"elementor-element elementor-element-6f493f60 e-flex e-con-boxed e-con e-parent\" data-id=\"6f493f60\" data-element_type=\"container\">\n\t\t\t\t\t<div class=\"e-con-inner\">\n\t\t\t\t<div class=\"elementor-element elementor-element-2b4f30d9 elementor-widget elementor-widget-spacer\" data-id=\"2b4f30d9\" data-element_type=\"widget\" data-widget_type=\"spacer.default\">\n\t\t\t\t\t\t\t<div class=\"elementor-spacer\">\n\t\t\t<div class=\"elementor-spacer-inner\"><\/div>\n\t\t<\/div>\n\t\t\t\t\t\t<\/div>\n\t\t\t\t\t<\/div>\n\t\t\t\t<\/div>\n\t\t\t\t<\/div>\n\t\t","protected":false},"excerpt":{"rendered":"<p>Unternehmen in zweiter Generation Elektro Thies steht seit \u00fcber 40 Jahren f\u00fcr Verl\u00e4sslichkeit, Qualit\u00e4t und Kompetenz \u2013 Ihr starker Partner f\u00fcr Elektrotechnik. Familienbetrieb seit \u00fcber 40 Jahren Familienbetrieb seit \u00fcber 40 Jahren Elektro Thies steht seit Generationen f\u00fcr zuverl\u00e4ssige Elektroinstallationen, pers\u00f6nliche Beratung und moderne L\u00f6sungen \u2013 immer mit dem Anspruch, Qualit\u00e4t und Service zu verbinden. [&hellip;]<\/p>\n","protected":false},"author":2,"featured_media":0,"parent":0,"menu_order":0,"comment_status":"closed","ping_status":"closed","template":"","meta":{"footnotes":""},"class_list":["post-752","page","type-page","status-publish","hentry"],"_links":{"self":[{"href":"https:\/\/et.innovative-lab.de\/index.php\/wp-json\/wp\/v2\/pages\/752","targetHints":{"allow":["GET"]}}],"collection":[{"href":"https:\/\/et.innovative-lab.de\/index.php\/wp-json\/wp\/v2\/pages"}],"about":[{"href":"https:\/\/et.innovative-lab.de\/index.php\/wp-json\/wp\/v2\/types\/page"}],"author":[{"embeddable":true,"href":"https:\/\/et.innovative-lab.de\/index.php\/wp-json\/wp\/v2\/users\/2"}],"replies":[{"embeddable":true,"href":"https:\/\/et.innovative-lab.de\/index.php\/wp-json\/wp\/v2\/comments?post=752"}],"version-history":[{"count":145,"href":"https:\/\/et.innovative-lab.de\/index.php\/wp-json\/wp\/v2\/pages\/752\/revisions"}],"predecessor-version":[{"id":1759,"href":"https:\/\/et.innovative-lab.de\/index.php\/wp-json\/wp\/v2\/pages\/752\/revisions\/1759"}],"wp:attachment":[{"href":"https:\/\/et.innovative-lab.de\/index.php\/wp-json\/wp\/v2\/media?parent=752"}],"curies":[{"name":"wp","href":"https:\/\/api.w.org\/{rel}","templated":true}]}}