{"id":436,"date":"2025-07-29T15:11:52","date_gmt":"2025-07-29T15:11:52","guid":{"rendered":"https:\/\/et.innovative-lab.de\/?page_id=436"},"modified":"2025-08-31T13:01:02","modified_gmt":"2025-08-31T13:01:02","slug":"gewerbekunden","status":"publish","type":"page","link":"https:\/\/et.innovative-lab.de\/index.php\/gewerbekunden\/","title":{"rendered":"Gewerbekunden"},"content":{"rendered":"\t\t<div data-elementor-type=\"wp-page\" data-elementor-id=\"436\" class=\"elementor elementor-436\" data-elementor-post-type=\"page\">\n\t\t\t\t<div class=\"elementor-element elementor-element-1c85feb e-con-full animated-slow e-flex elementor-invisible e-con e-parent\" data-id=\"1c85feb\" data-element_type=\"container\" id=\"Gewerbekunden\" data-settings=\"{&quot;animation&quot;:&quot;fadeInUp&quot;,&quot;animation_mobile&quot;:&quot;fadeInUp&quot;}\">\n\t\t<div class=\"elementor-element elementor-element-ab22ab9 e-con-full e-flex e-con e-child\" data-id=\"ab22ab9\" data-element_type=\"container\" data-settings=\"{&quot;background_background&quot;:&quot;classic&quot;}\">\n\t\t\t\t<div class=\"elementor-element elementor-element-a9cc48b elementor-widget elementor-widget-heading\" data-id=\"a9cc48b\" data-element_type=\"widget\" data-widget_type=\"heading.default\">\n\t\t\t\t\t<h1 class=\"elementor-heading-title elementor-size-default\">Ihr Elektroniker f\u00fcr <br>Gewerbe &amp; Industrie<\/h1>\t\t\t\t<\/div>\n\t\t\t\t<div class=\"elementor-element elementor-element-4249982 elementor-widget elementor-widget-text-editor\" data-id=\"4249982\" data-element_type=\"widget\" data-widget_type=\"text-editor.default\">\n\t\t\t\t\t\t\t\t\t<p>Wir entwickeln zukunftssichere Elektroinstallationen f\u00fcr mehr Effizienz, Sicherheit und Nachhaltigkeit \u2013 und halten so Ihren Betrieb zuverl\u00e4ssig am Laufen.<\/p>\t\t\t\t\t\t\t\t<\/div>\n\t\t\t\t<\/div>\n\t\t\t\t<\/div>\n\t\t<div class=\"elementor-element elementor-element-420aa790 e-flex e-con-boxed e-con e-parent\" data-id=\"420aa790\" data-element_type=\"container\">\n\t\t\t\t\t<div class=\"e-con-inner\">\n\t\t\t\t<div class=\"elementor-element elementor-element-13ef55f0 elementor-widget elementor-widget-spacer\" data-id=\"13ef55f0\" data-element_type=\"widget\" data-widget_type=\"spacer.default\">\n\t\t\t\t\t\t\t<div class=\"elementor-spacer\">\n\t\t\t<div class=\"elementor-spacer-inner\"><\/div>\n\t\t<\/div>\n\t\t\t\t\t\t<\/div>\n\t\t\t\t\t<\/div>\n\t\t\t\t<\/div>\n\t\t<div class=\"elementor-element elementor-element-3d810af e-con-full e-flex e-con e-parent\" data-id=\"3d810af\" data-element_type=\"container\">\n\t\t\t\t<div class=\"elementor-element elementor-element-2373027 elementor-widget elementor-widget-n-carousel\" data-id=\"2373027\" data-element_type=\"widget\" data-settings=\"{&quot;carousel_items&quot;:[{&quot;slide_title&quot;:&quot;Slide #1&quot;,&quot;_id&quot;:&quot;bf1a589&quot;},{&quot;slide_title&quot;:&quot;Slide #2&quot;,&quot;_id&quot;:&quot;fe9e562&quot;},{&quot;slide_title&quot;:&quot;Slide #3&quot;,&quot;_id&quot;:&quot;f355a07&quot;},{&quot;slide_title&quot;:&quot;Slide #3&quot;,&quot;_id&quot;:&quot;2917033&quot;},{&quot;slide_title&quot;:&quot;Slide #3&quot;,&quot;_id&quot;:&quot;3b2fdc1&quot;}],&quot;slides_to_show&quot;:&quot;5&quot;,&quot;slides_to_show_tablet&quot;:&quot;3&quot;,&quot;slides_to_show_mobile&quot;:&quot;2&quot;,&quot;image_spacing_custom&quot;:{&quot;unit&quot;:&quot;px&quot;,&quot;size&quot;:60,&quot;sizes&quot;:[]},&quot;image_spacing_custom_mobile&quot;:{&quot;unit&quot;:&quot;px&quot;,&quot;size&quot;:30,&quot;sizes&quot;:[]},&quot;autoplay&quot;:&quot;yes&quot;,&quot;autoplay_speed&quot;:5000,&quot;infinite&quot;:&quot;yes&quot;,&quot;speed&quot;:500,&quot;offset_sides&quot;:&quot;none&quot;,&quot;image_spacing_custom_tablet&quot;:{&quot;unit&quot;:&quot;px&quot;,&quot;size&quot;:&quot;&quot;,&quot;sizes&quot;:[]}}\" data-widget_type=\"nested-carousel.default\">\n\t\t\t\t\t\t\t<div class=\"e-n-carousel swiper\" role=\"region\" aria-roledescription=\"carousel\" aria-label=\"Karussell\" dir=\"ltr\">\n\t\t\t<div class=\"swiper-wrapper\" aria-live=\"off\">\n\t\t\t\t\t\t\t\t\t\t<div class=\"swiper-slide\" data-slide=\"1\" role=\"group\" aria-roledescription=\"slide\" aria-label=\"1 von 5\">\n\t\t\t\t\t\t\t<div class=\"elementor-element elementor-element-f505a02 e-flex e-con-boxed e-con e-child\" data-id=\"f505a02\" data-element_type=\"container\">\n\t\t\t\t\t<div class=\"e-con-inner\">\n\t\t\t\t<div class=\"elementor-element elementor-element-9008615 elementor-widget elementor-widget-image\" data-id=\"9008615\" data-element_type=\"widget\" data-widget_type=\"image.default\">\n\t\t\t\t\t\t\t\t\t\t\t\t\t\t\t<img decoding=\"async\" width=\"251\" height=\"49\" src=\"https:\/\/et.innovative-lab.de\/wp-content\/uploads\/2025\/07\/logo_brueninghoff_group.png\" class=\"attachment-large size-large wp-image-460\" alt=\"\" \/>\t\t\t\t\t\t\t\t\t\t\t\t\t\t\t<\/div>\n\t\t\t\t\t<\/div>\n\t\t\t\t<\/div>\n\t\t\t\t\t\t\t\t<\/div>\n\t\t\t\t\t\t\t\t\t\t\t<div class=\"swiper-slide\" data-slide=\"2\" role=\"group\" aria-roledescription=\"slide\" aria-label=\"2 von 5\">\n\t\t\t\t\t\t\t<div class=\"elementor-element elementor-element-91aaf5c e-flex e-con-boxed e-con e-child\" data-id=\"91aaf5c\" data-element_type=\"container\">\n\t\t\t\t\t<div class=\"e-con-inner\">\n\t\t\t\t<div class=\"elementor-element elementor-element-42b0e0c elementor-widget elementor-widget-image\" data-id=\"42b0e0c\" data-element_type=\"widget\" data-widget_type=\"image.default\">\n\t\t\t\t\t\t\t\t\t\t\t\t\t\t\t<img decoding=\"async\" width=\"251\" height=\"49\" src=\"https:\/\/et.innovative-lab.de\/wp-content\/uploads\/2025\/07\/logo_brueninghoff_group.png\" class=\"attachment-large size-large wp-image-460\" alt=\"\" \/>\t\t\t\t\t\t\t\t\t\t\t\t\t\t\t<\/div>\n\t\t\t\t\t<\/div>\n\t\t\t\t<\/div>\n\t\t\t\t\t\t\t\t<\/div>\n\t\t\t\t\t\t\t\t\t\t\t<div class=\"swiper-slide\" data-slide=\"3\" role=\"group\" aria-roledescription=\"slide\" aria-label=\"3 von 5\">\n\t\t\t\t\t\t\t<div class=\"elementor-element elementor-element-ad9d222 e-flex e-con-boxed e-con e-child\" data-id=\"ad9d222\" data-element_type=\"container\">\n\t\t\t\t\t<div class=\"e-con-inner\">\n\t\t\t\t<div class=\"elementor-element elementor-element-a83ccb7 elementor-widget elementor-widget-image\" data-id=\"a83ccb7\" data-element_type=\"widget\" data-widget_type=\"image.default\">\n\t\t\t\t\t\t\t\t\t\t\t\t\t\t\t<img decoding=\"async\" width=\"251\" height=\"49\" src=\"https:\/\/et.innovative-lab.de\/wp-content\/uploads\/2025\/07\/logo_brueninghoff_group.png\" class=\"attachment-large size-large wp-image-460\" alt=\"\" \/>\t\t\t\t\t\t\t\t\t\t\t\t\t\t\t<\/div>\n\t\t\t\t\t<\/div>\n\t\t\t\t<\/div>\n\t\t\t\t\t\t\t\t<\/div>\n\t\t\t\t\t\t\t\t\t\t\t<div class=\"swiper-slide\" data-slide=\"4\" role=\"group\" aria-roledescription=\"slide\" aria-label=\"4 von 5\">\n\t\t\t\t\t\t\t<div class=\"elementor-element elementor-element-de2058e e-flex e-con-boxed e-con e-child\" data-id=\"de2058e\" data-element_type=\"container\">\n\t\t\t\t\t<div class=\"e-con-inner\">\n\t\t\t\t<div class=\"elementor-element elementor-element-b854417 elementor-widget elementor-widget-image\" data-id=\"b854417\" data-element_type=\"widget\" data-widget_type=\"image.default\">\n\t\t\t\t\t\t\t\t\t\t\t\t\t\t\t<img decoding=\"async\" width=\"251\" height=\"49\" src=\"https:\/\/et.innovative-lab.de\/wp-content\/uploads\/2025\/07\/logo_brueninghoff_group.png\" class=\"attachment-large size-large wp-image-460\" alt=\"\" \/>\t\t\t\t\t\t\t\t\t\t\t\t\t\t\t<\/div>\n\t\t\t\t\t<\/div>\n\t\t\t\t<\/div>\n\t\t\t\t\t\t\t\t<\/div>\n\t\t\t\t\t\t\t\t\t\t\t<div class=\"swiper-slide\" data-slide=\"5\" role=\"group\" aria-roledescription=\"slide\" aria-label=\"5 von 5\">\n\t\t\t\t\t\t\t<div class=\"elementor-element elementor-element-dc0d6f6 e-flex e-con-boxed e-con e-child\" data-id=\"dc0d6f6\" data-element_type=\"container\">\n\t\t\t\t\t<div class=\"e-con-inner\">\n\t\t\t\t<div class=\"elementor-element elementor-element-5485694 elementor-widget elementor-widget-image\" data-id=\"5485694\" data-element_type=\"widget\" data-widget_type=\"image.default\">\n\t\t\t\t\t\t\t\t\t\t\t\t\t\t\t<img decoding=\"async\" width=\"251\" height=\"49\" src=\"https:\/\/et.innovative-lab.de\/wp-content\/uploads\/2025\/07\/logo_brueninghoff_group.png\" class=\"attachment-large size-large wp-image-460\" alt=\"\" \/>\t\t\t\t\t\t\t\t\t\t\t\t\t\t\t<\/div>\n\t\t\t\t\t<\/div>\n\t\t\t\t<\/div>\n\t\t\t\t\t\t\t\t<\/div>\n\t\t\t\t\t\t\t\t<\/div>\n\t\t<\/div>\n\t\t\t\t\t\t<\/div>\n\t\t\t\t<\/div>\n\t\t<div class=\"elementor-element elementor-element-9dc3e9c e-flex e-con-boxed e-con e-parent\" data-id=\"9dc3e9c\" data-element_type=\"container\">\n\t\t\t\t\t<div class=\"e-con-inner\">\n\t\t\t\t<div class=\"elementor-element elementor-element-f537368 elementor-widget elementor-widget-spacer\" data-id=\"f537368\" data-element_type=\"widget\" data-widget_type=\"spacer.default\">\n\t\t\t\t\t\t\t<div class=\"elementor-spacer\">\n\t\t\t<div class=\"elementor-spacer-inner\"><\/div>\n\t\t<\/div>\n\t\t\t\t\t\t<\/div>\n\t\t\t\t\t<\/div>\n\t\t\t\t<\/div>\n\t\t<div class=\"elementor-element elementor-element-12cc020 e-con-full e-flex e-con e-parent\" data-id=\"12cc020\" data-element_type=\"container\">\n\t\t\t\t<div class=\"elementor-element elementor-element-6a967de elementor-widget elementor-widget-heading\" data-id=\"6a967de\" data-element_type=\"widget\" data-widget_type=\"heading.default\">\n\t\t\t\t\t<h2 class=\"elementor-heading-title elementor-size-default\">Reparatur und Installation<\/h2>\t\t\t\t<\/div>\n\t\t<div class=\"elementor-element elementor-element-5f3ee2e e-con-full e-flex e-con e-child\" data-id=\"5f3ee2e\" data-element_type=\"container\">\n\t\t<div class=\"elementor-element elementor-element-b7a2bd4 e-con-full e-flex e-con e-child\" data-id=\"b7a2bd4\" data-element_type=\"container\" data-settings=\"{&quot;background_background&quot;:&quot;classic&quot;}\">\n\t\t<div class=\"elementor-element elementor-element-da468a6 e-con-full e-flex e-con e-child\" data-id=\"da468a6\" data-element_type=\"container\" id=\"glasseffekt\">\n\t\t\t\t<div class=\"elementor-element elementor-element-b6d4b5b elementor-widget elementor-widget-heading\" data-id=\"b6d4b5b\" data-element_type=\"widget\" data-widget_type=\"heading.default\">\n\t\t\t\t\t<h3 class=\"elementor-heading-title elementor-size-default\">Elektroinstallation<\/h3>\t\t\t\t<\/div>\n\t\t\t\t<div class=\"elementor-element elementor-element-88eafbf elementor-widget elementor-widget-text-editor\" data-id=\"88eafbf\" data-element_type=\"widget\" data-widget_type=\"text-editor.default\">\n\t\t\t\t\t\t\t\t\t<p>Wir installieren fachgerecht alle elektrotechnischen Anlagen in Hallen, B\u00fcros und Produktionsst\u00e4tten \u2013 von Schaltschr\u00e4nken bis zu Maschinenanschl\u00fcssen \u2013, normgerecht nach DIN\u202fVDE.<\/p>\t\t\t\t\t\t\t\t<\/div>\n\t\t\t\t<\/div>\n\t\t\t\t<\/div>\n\t\t<div class=\"elementor-element elementor-element-9ddce0b e-con-full e-flex e-con e-child\" data-id=\"9ddce0b\" data-element_type=\"container\" data-settings=\"{&quot;background_background&quot;:&quot;classic&quot;}\">\n\t\t<div class=\"elementor-element elementor-element-c0037c5 e-con-full e-flex e-con e-child\" data-id=\"c0037c5\" data-element_type=\"container\" id=\"glasseffekt\">\n\t\t\t\t<div class=\"elementor-element elementor-element-86f6a9c elementor-widget elementor-widget-heading\" data-id=\"86f6a9c\" data-element_type=\"widget\" data-widget_type=\"heading.default\">\n\t\t\t\t\t<h3 class=\"elementor-heading-title elementor-size-default\">Beleuchtung &amp; LED\u2011Umr\u00fcstung<\/h3>\t\t\t\t<\/div>\n\t\t\t\t<div class=\"elementor-element elementor-element-f8ab957 elementor-widget elementor-widget-text-editor\" data-id=\"f8ab957\" data-element_type=\"widget\" data-widget_type=\"text-editor.default\">\n\t\t\t\t\t\t\t\t\t<p>Ob Hallenbeleuchtung, B\u00fcrofl\u00e4chen oder Au\u00dfenanlagen \u2013 wir planen und setzen energieeffiziente LED\u2011L\u00f6sungen um, die Kosten senken und Lichtqualit\u00e4t steigern.<\/p>\t\t\t\t\t\t\t\t<\/div>\n\t\t\t\t<\/div>\n\t\t\t\t<\/div>\n\t\t\t\t<\/div>\n\t\t<div class=\"elementor-element elementor-element-ff45b42 e-con-full e-flex e-con e-child\" data-id=\"ff45b42\" data-element_type=\"container\">\n\t\t<div class=\"elementor-element elementor-element-e037f6a e-con-full e-flex e-con e-child\" data-id=\"e037f6a\" data-element_type=\"container\" data-settings=\"{&quot;background_background&quot;:&quot;classic&quot;}\">\n\t\t<div class=\"elementor-element elementor-element-09c03e2 e-con-full e-flex e-con e-child\" data-id=\"09c03e2\" data-element_type=\"container\" id=\"glasseffekt\">\n\t\t\t\t<div class=\"elementor-element elementor-element-ba8e585 elementor-widget elementor-widget-heading\" data-id=\"ba8e585\" data-element_type=\"widget\" data-widget_type=\"heading.default\">\n\t\t\t\t\t<h3 class=\"elementor-heading-title elementor-size-default\">Netzwerktechnik<\/h3>\t\t\t\t<\/div>\n\t\t\t\t<div class=\"elementor-element elementor-element-00a5806 elementor-widget elementor-widget-text-editor\" data-id=\"00a5806\" data-element_type=\"widget\" data-widget_type=\"text-editor.default\">\n\t\t\t\t\t\t\t\t\t<p>Elektro\u202fThies verlegt Netzwerkverkabelung und richtet Steuerungstechnik ein \u2013 f\u00fcr reibungslose IT-Verbindung und automatisierte Abl\u00e4ufe in Ihrem Betrieb.<\/p>\t\t\t\t\t\t\t\t<\/div>\n\t\t\t\t<\/div>\n\t\t\t\t<\/div>\n\t\t<div class=\"elementor-element elementor-element-fcbd6ed e-con-full e-flex e-con e-child\" data-id=\"fcbd6ed\" data-element_type=\"container\" data-settings=\"{&quot;background_background&quot;:&quot;classic&quot;}\">\n\t\t<div class=\"elementor-element elementor-element-c372097 e-con-full e-flex e-con e-child\" data-id=\"c372097\" data-element_type=\"container\" id=\"glasseffekt\">\n\t\t\t\t<div class=\"elementor-element elementor-element-4f7b1dd elementor-widget elementor-widget-heading\" data-id=\"4f7b1dd\" data-element_type=\"widget\" data-widget_type=\"heading.default\">\n\t\t\t\t\t<h3 class=\"elementor-heading-title elementor-size-default\">Reparatur &amp; Wartung<\/h3>\t\t\t\t<\/div>\n\t\t\t\t<div class=\"elementor-element elementor-element-440082c elementor-widget elementor-widget-text-editor\" data-id=\"440082c\" data-element_type=\"widget\" data-widget_type=\"text-editor.default\">\n\t\t\t\t\t\t\t\t\t<p>Von defekten Ger\u00e4ten bis zu Notfallreparaturen in der Produktion: Unser Team ist schnell vor Ort, behebt St\u00f6rungen und sorgt f\u00fcr maximale Betriebssicherheit.<\/p>\t\t\t\t\t\t\t\t<\/div>\n\t\t\t\t<\/div>\n\t\t\t\t<\/div>\n\t\t\t\t<\/div>\n\t\t<div class=\"elementor-element elementor-element-7fc9abf e-con-full e-flex e-con e-child\" data-id=\"7fc9abf\" data-element_type=\"container\">\n\t\t<div class=\"elementor-element elementor-element-e126fce e-con-full e-flex e-con e-child\" data-id=\"e126fce\" data-element_type=\"container\" data-settings=\"{&quot;background_background&quot;:&quot;classic&quot;}\">\n\t\t<div class=\"elementor-element elementor-element-c0c1d6b e-con-full e-flex e-con e-child\" data-id=\"c0c1d6b\" data-element_type=\"container\">\n\t\t\t\t<div class=\"elementor-element elementor-element-f1879da elementor-widget elementor-widget-heading\" data-id=\"f1879da\" data-element_type=\"widget\" data-widget_type=\"heading.default\">\n\t\t\t\t\t<h3 class=\"elementor-heading-title elementor-size-default\">Sicherheits\u2011 &amp; <br>Fluchtwegbeleuchtung<\/h3>\t\t\t\t<\/div>\n\t\t\t\t<div class=\"elementor-element elementor-element-bc1f691 elementor-widget elementor-widget-text-editor\" data-id=\"bc1f691\" data-element_type=\"widget\" data-widget_type=\"text-editor.default\">\n\t\t\t\t\t\t\t\t\t<p>Sicherheits- und Fluchtwegbeleuchtung installieren und warten wir zuverl\u00e4ssig und normgerecht \u2013 damit im Ernstfall jedes Licht den Weg weist.<\/p>\t\t\t\t\t\t\t\t<\/div>\n\t\t\t\t<\/div>\n\t\t\t\t<\/div>\n\t\t<div class=\"elementor-element elementor-element-05ca749 e-con-full e-flex e-con e-child\" data-id=\"05ca749\" data-element_type=\"container\" data-settings=\"{&quot;background_background&quot;:&quot;classic&quot;}\">\n\t\t<div class=\"elementor-element elementor-element-50f00bd e-con-full e-flex e-con e-child\" data-id=\"50f00bd\" data-element_type=\"container\">\n\t\t\t\t<div class=\"elementor-element elementor-element-4fde0a3 elementor-widget elementor-widget-heading\" data-id=\"4fde0a3\" data-element_type=\"widget\" data-widget_type=\"heading.default\">\n\t\t\t\t\t<h3 class=\"elementor-heading-title elementor-size-default\">DGUV\u202fV3\u2013Ger\u00e4tepr\u00fcfung<\/h3>\t\t\t\t<\/div>\n\t\t\t\t<div class=\"elementor-element elementor-element-4547c2b elementor-widget elementor-widget-text-editor\" data-id=\"4547c2b\" data-element_type=\"widget\" data-widget_type=\"text-editor.default\">\n\t\t\t\t\t\t\t\t\t<p>F\u00fcr alle ortsver\u00e4nderlichen Ger\u00e4te, Kleinger\u00e4te und Maschinen f\u00fchren wir DGUV\u202fV3\u2011Pr\u00fcfungen durch \u2013 inklusive Dokumentation, Pr\u00fcfplakette und termingerechter Wiederholerinnerung.<\/p>\t\t\t\t\t\t\t\t<\/div>\n\t\t\t\t<\/div>\n\t\t\t\t<\/div>\n\t\t\t\t<\/div>\n\t\t\t\t<\/div>\n\t\t<div class=\"elementor-element elementor-element-73961a7 e-con-full e-flex e-con e-parent\" data-id=\"73961a7\" data-element_type=\"container\">\n\t\t\t\t<div class=\"elementor-element elementor-element-e834524 elementor-widget elementor-widget-spacer\" data-id=\"e834524\" data-element_type=\"widget\" data-widget_type=\"spacer.default\">\n\t\t\t\t\t\t\t<div class=\"elementor-spacer\">\n\t\t\t<div class=\"elementor-spacer-inner\"><\/div>\n\t\t<\/div>\n\t\t\t\t\t\t<\/div>\n\t\t\t\t<\/div>\n\t\t\t\t<\/div>\n\t\t","protected":false},"excerpt":{"rendered":"<p>Ihr Elektroniker f\u00fcr Gewerbe &amp; Industrie Wir entwickeln zukunftssichere Elektroinstallationen f\u00fcr mehr Effizienz, Sicherheit und Nachhaltigkeit \u2013 und halten so Ihren Betrieb zuverl\u00e4ssig am Laufen. Reparatur und Installation Elektroinstallation Wir installieren fachgerecht alle elektrotechnischen Anlagen in Hallen, B\u00fcros und Produktionsst\u00e4tten \u2013 von Schaltschr\u00e4nken bis zu Maschinenanschl\u00fcssen \u2013, normgerecht nach DIN\u202fVDE. Beleuchtung &amp; LED\u2011Umr\u00fcstung Ob Hallenbeleuchtung, [&hellip;]<\/p>\n","protected":false},"author":1,"featured_media":0,"parent":0,"menu_order":0,"comment_status":"closed","ping_status":"closed","template":"","meta":{"footnotes":""},"class_list":["post-436","page","type-page","status-publish","hentry"],"_links":{"self":[{"href":"https:\/\/et.innovative-lab.de\/index.php\/wp-json\/wp\/v2\/pages\/436","targetHints":{"allow":["GET"]}}],"collection":[{"href":"https:\/\/et.innovative-lab.de\/index.php\/wp-json\/wp\/v2\/pages"}],"about":[{"href":"https:\/\/et.innovative-lab.de\/index.php\/wp-json\/wp\/v2\/types\/page"}],"author":[{"embeddable":true,"href":"https:\/\/et.innovative-lab.de\/index.php\/wp-json\/wp\/v2\/users\/1"}],"replies":[{"embeddable":true,"href":"https:\/\/et.innovative-lab.de\/index.php\/wp-json\/wp\/v2\/comments?post=436"}],"version-history":[{"count":283,"href":"https:\/\/et.innovative-lab.de\/index.php\/wp-json\/wp\/v2\/pages\/436\/revisions"}],"predecessor-version":[{"id":1777,"href":"https:\/\/et.innovative-lab.de\/index.php\/wp-json\/wp\/v2\/pages\/436\/revisions\/1777"}],"wp:attachment":[{"href":"https:\/\/et.innovative-lab.de\/index.php\/wp-json\/wp\/v2\/media?parent=436"}],"curies":[{"name":"wp","href":"https:\/\/api.w.org\/{rel}","templated":true}]}}