{"id":398,"date":"2025-07-26T19:15:29","date_gmt":"2025-07-26T19:15:29","guid":{"rendered":"https:\/\/et.innovative-lab.de\/?page_id=398"},"modified":"2025-08-31T13:00:29","modified_gmt":"2025-08-31T13:00:29","slug":"privatkunden","status":"publish","type":"page","link":"https:\/\/et.innovative-lab.de\/index.php\/privatkunden\/","title":{"rendered":"Privatkunden"},"content":{"rendered":"\t\t<div data-elementor-type=\"wp-page\" data-elementor-id=\"398\" class=\"elementor elementor-398\" data-elementor-post-type=\"page\">\n\t\t\t\t<div class=\"elementor-element elementor-element-991ede1 e-con-full animated-slow e-flex elementor-invisible e-con e-parent\" data-id=\"991ede1\" data-element_type=\"container\" data-settings=\"{&quot;animation&quot;:&quot;fadeInUp&quot;}\">\n\t\t<div class=\"elementor-element elementor-element-2348d40 e-con-full e-flex e-con e-child\" data-id=\"2348d40\" data-element_type=\"container\" data-settings=\"{&quot;background_background&quot;:&quot;classic&quot;}\">\n\t\t\t\t<div class=\"elementor-element elementor-element-6107a3b elementor-widget elementor-widget-heading\" data-id=\"6107a3b\" data-element_type=\"widget\" data-widget_type=\"heading.default\">\n\t\t\t\t\t<h1 class=\"elementor-heading-title elementor-size-default\">Ihr Elektroniker aus Gescher<\/h1>\t\t\t\t<\/div>\n\t\t\t\t<div class=\"elementor-element elementor-element-2bd492d elementor-widget elementor-widget-text-editor\" data-id=\"2bd492d\" data-element_type=\"widget\" data-widget_type=\"text-editor.default\">\n\t\t\t\t\t\t\t\t\t<p>Von Neubau bis Modernisierung \u2013 Photovoltaik, Smart-Home und mehr: alles aus einer Hand, normgerecht und nachhaltig. Damit Sie sich Zuhause sicher und wohlf\u00fchlen.<\/p>\t\t\t\t\t\t\t\t<\/div>\n\t\t\t\t<\/div>\n\t\t\t\t<\/div>\n\t\t<div class=\"elementor-element elementor-element-68f6fd5d e-flex e-con-boxed e-con e-parent\" data-id=\"68f6fd5d\" data-element_type=\"container\">\n\t\t\t\t\t<div class=\"e-con-inner\">\n\t\t\t\t<div class=\"elementor-element elementor-element-6ae81e7b elementor-widget elementor-widget-spacer\" data-id=\"6ae81e7b\" data-element_type=\"widget\" data-widget_type=\"spacer.default\">\n\t\t\t\t\t\t\t<div class=\"elementor-spacer\">\n\t\t\t<div class=\"elementor-spacer-inner\"><\/div>\n\t\t<\/div>\n\t\t\t\t\t\t<\/div>\n\t\t\t\t\t<\/div>\n\t\t\t\t<\/div>\n\t\t<div class=\"elementor-element elementor-element-696af9b e-con-full e-flex e-con e-parent\" data-id=\"696af9b\" data-element_type=\"container\">\n\t\t\t\t<div class=\"elementor-element elementor-element-e265bde elementor-widget elementor-widget-jet-tabs\" data-id=\"e265bde\" data-element_type=\"widget\" data-settings=\"{&quot;tabs_position&quot;:&quot;top&quot;,&quot;no_active_tabs&quot;:&quot;false&quot;}\" data-widget_type=\"jet-tabs.default\">\n\t\t\t\t<div class=\"elementor-widget-container\">\n\t\t\t\t\t\n\t\t<div class=\"jet-tabs jet-tabs-position-top jet-tabs-none-effect \" data-settings=\"{&quot;activeIndex&quot;:0,&quot;event&quot;:&quot;hover&quot;,&quot;autoSwitch&quot;:true,&quot;autoSwitchDelay&quot;:10000,&quot;ajaxTemplate&quot;:false,&quot;tabsPosition&quot;:&quot;top&quot;,&quot;switchScrolling&quot;:false,&quot;switchScrollingOffset&quot;:0}\">\n\t\t\t<div class=\"jet-tabs__control-wrapper \" role=\"tablist\">\n                                    <div id=\"slide1\" class=\"jet-tabs__control jet-tabs__control-icon-left elementor-menu-anchor active-tab \" data-tab=\"1\" tabindex=\"0\" role=\"tab\" aria-controls=\"jet-tabs-content-2371\" aria-expanded=\"true\" data-template-id=\"1298\"><div class=\"jet-tabs__control-inner\"><div class=\"jet-tabs__label-icon jet-tabs-icon\"><svg class=\"e-font-icon-svg e-fas-arrow-circle-right\" viewBox=\"0 0 512 512\" xmlns=\"http:\/\/www.w3.org\/2000\/svg\"><path d=\"M256 8c137 0 248 111 248 248S393 504 256 504 8 393 8 256 119 8 256 8zm-28.9 143.6l75.5 72.4H120c-13.3 0-24 10.7-24 24v16c0 13.3 10.7 24 24 24h182.6l-75.5 72.4c-9.7 9.3-9.9 24.8-.4 34.3l11 10.9c9.4 9.4 24.6 9.4 33.9 0L404.3 273c9.4-9.4 9.4-24.6 0-33.9L271.6 106.3c-9.4-9.4-24.6-9.4-33.9 0l-11 10.9c-9.5 9.6-9.3 25.1.4 34.4z\"><\/path><\/svg><\/div><\/div><\/div><div id=\"slide2\" class=\"jet-tabs__control jet-tabs__control-icon-left elementor-menu-anchor  \" data-tab=\"2\" tabindex=\"0\" role=\"tab\" aria-controls=\"jet-tabs-content-2372\" aria-expanded=\"false\" data-template-id=\"1295\"><div class=\"jet-tabs__control-inner\"><div class=\"jet-tabs__label-icon jet-tabs-icon\"><svg class=\"e-font-icon-svg e-fas-arrow-circle-right\" viewBox=\"0 0 512 512\" xmlns=\"http:\/\/www.w3.org\/2000\/svg\"><path d=\"M256 8c137 0 248 111 248 248S393 504 256 504 8 393 8 256 119 8 256 8zm-28.9 143.6l75.5 72.4H120c-13.3 0-24 10.7-24 24v16c0 13.3 10.7 24 24 24h182.6l-75.5 72.4c-9.7 9.3-9.9 24.8-.4 34.3l11 10.9c9.4 9.4 24.6 9.4 33.9 0L404.3 273c9.4-9.4 9.4-24.6 0-33.9L271.6 106.3c-9.4-9.4-24.6-9.4-33.9 0l-11 10.9c-9.5 9.6-9.3 25.1.4 34.4z\"><\/path><\/svg><\/div><\/div><\/div>\n                    \t\t\t    <\/div>\n\t\t\t<div class=\"jet-tabs__content-wrapper\">\n\t\t\t\t<div id=\"jet-tabs-content-2371\" class=\"jet-tabs__content active-content\" data-tab=\"1\" role=\"tabpanel\" aria-hidden=\"false\" data-template-id=\"1298\">\t\t<div data-elementor-type=\"container\" data-elementor-id=\"1298\" class=\"elementor elementor-1298\" data-elementor-post-type=\"elementor_library\">\n\t\t\t\t<div class=\"elementor-element elementor-element-3e2e9d0e e-con-full e-flex e-con e-parent\" data-id=\"3e2e9d0e\" data-element_type=\"container\" id=\"neu-altbau\">\n\t\t<div class=\"elementor-element elementor-element-20c7cd9 e-con-full e-flex e-con e-child\" data-id=\"20c7cd9\" data-element_type=\"container\" data-settings=\"{&quot;background_background&quot;:&quot;classic&quot;}\">\n\t\t\t\t<div class=\"elementor-element elementor-element-61300eed elementor-widget elementor-widget-html\" data-id=\"61300eed\" data-element_type=\"widget\" data-widget_type=\"html.default\">\n\t\t\t\t\t<script>\n  document.addEventListener(\"DOMContentLoaded\", function () {\n    const progressBar = document.querySelector(\"progress-bar-slide1\");\n\n    progressBar.addEventListener(\"animationend\", function () {\n      \/\/ Navigiere zum Anker #slide1\n      window.location.hash = \"#slide2\";\n    });\n  });\n<\/script>\n\n\t\t\t\t<\/div>\n\t\t\t\t<\/div>\n\t\t<div class=\"elementor-element elementor-element-691ef934 e-con-full e-flex e-con e-child\" data-id=\"691ef934\" data-element_type=\"container\">\n\t\t<div class=\"elementor-element elementor-element-30a1b4c0 e-con-full e-flex e-con e-child\" data-id=\"30a1b4c0\" data-element_type=\"container\">\n\t\t<div class=\"elementor-element elementor-element-232e5adb e-con-full e-flex e-con e-child\" data-id=\"232e5adb\" data-element_type=\"container\">\n\t\t<div class=\"elementor-element elementor-element-407fff06 e-con-full e-flex e-con e-child\" data-id=\"407fff06\" data-element_type=\"container\">\n\t\t\t\t<div class=\"elementor-element elementor-element-5979c14 elementor-widget__width-inherit elementor-widget elementor-widget-html\" data-id=\"5979c14\" data-element_type=\"widget\" data-widget_type=\"html.default\">\n\t\t\t\t\t<div class=\"progress-container\">\n  <div class=\"progress-bar-slide1\"><\/div>\n<\/div>\n\t\t\t\t<\/div>\n\t\t\t\t<\/div>\n\t\t<div class=\"elementor-element elementor-element-55acf909 e-con-full e-flex e-con e-child\" data-id=\"55acf909\" data-element_type=\"container\">\n\t\t\t\t<div class=\"elementor-element elementor-element-5a7ccb48 elementor-widget elementor-widget-heading\" data-id=\"5a7ccb48\" data-element_type=\"widget\" data-widget_type=\"heading.default\">\n\t\t\t\t\t<h2 class=\"elementor-heading-title elementor-size-default\">Neubau<\/h2>\t\t\t\t<\/div>\n\t\t\t\t<div class=\"elementor-element elementor-element-6c2da763 elementor-widget elementor-widget-text-editor\" data-id=\"6c2da763\" data-element_type=\"widget\" data-widget_type=\"text-editor.default\">\n\t\t\t\t\t\t\t\t\t<p>Elektro Thies plant und installiert normgerecht nach DIN\u202fVDE, inklusive Z\u00e4hlerschrank, Leitungen und Reserve\u2011Leerrohren f\u00fcr sp\u00e4tere Erweiterungen.<\/p>\t\t\t\t\t\t\t\t<\/div>\n\t\t\t\t<\/div>\n\t\t\t\t<\/div>\n\t\t<div class=\"elementor-element elementor-element-4b0248a3 e-con-full e-flex e-con e-child\" data-id=\"4b0248a3\" data-element_type=\"container\">\n\t\t<div class=\"elementor-element elementor-element-27bdd2cc e-con-full e-flex e-con e-child\" data-id=\"27bdd2cc\" data-element_type=\"container\">\n\t\t\t\t<div class=\"elementor-element elementor-element-47d43d27 elementor-widget__width-inherit elementor-widget elementor-widget-html\" data-id=\"47d43d27\" data-element_type=\"widget\" data-widget_type=\"html.default\">\n\t\t\t\t\t<div class=\"progress-container\">\n  \n<\/div>\n\t\t\t\t<\/div>\n\t\t\t\t<\/div>\n\t\t<div class=\"elementor-element elementor-element-4ef74158 e-con-full e-flex e-con e-child\" data-id=\"4ef74158\" data-element_type=\"container\">\n\t\t\t\t<div class=\"elementor-element elementor-element-1f25d497 elementor-widget elementor-widget-heading\" data-id=\"1f25d497\" data-element_type=\"widget\" data-widget_type=\"heading.default\">\n\t\t\t\t\t<h2 class=\"elementor-heading-title elementor-size-default\"><a href=\"#slide2\">Altbau<\/a><\/h2>\t\t\t\t<\/div>\n\t\t\t\t<div class=\"elementor-element elementor-element-f7e48a2 elementor-widget elementor-widget-text-editor\" data-id=\"f7e48a2\" data-element_type=\"widget\" data-widget_type=\"text-editor.default\">\n\t\t\t\t\t\t\t\t\t<p><a href=\"#slide2\">Altbaumut zur Elektro-zukunft: wir ersetzen Leitungen, Schalter und Steckdosen, schonen den Charakter Ihres Hauses und bringen modernen Schutz.<\/a><\/p>\t\t\t\t\t\t\t\t<\/div>\n\t\t\t\t<\/div>\n\t\t\t\t<\/div>\n\t\t\t\t<\/div>\n\t\t\t\t<div class=\"elementor-element elementor-element-3a570228 elementor-widget elementor-widget-button\" data-id=\"3a570228\" data-element_type=\"widget\" data-widget_type=\"button.default\">\n\t\t\t\t\t\t\t\t\t\t<a class=\"elementor-button elementor-button-link elementor-size-sm\" href=\"#Kontakt\">\n\t\t\t\t\t\t<span class=\"elementor-button-content-wrapper\">\n\t\t\t\t\t\t\t\t\t<span class=\"elementor-button-text\">Anfrage<\/span>\n\t\t\t\t\t<\/span>\n\t\t\t\t\t<\/a>\n\t\t\t\t\t\t\t\t<\/div>\n\t\t\t\t<\/div>\n\t\t\t\t<\/div>\n\t\t\t\t<\/div>\n\t\t<\/div><div id=\"jet-tabs-content-2372\" class=\"jet-tabs__content \" data-tab=\"2\" role=\"tabpanel\" aria-hidden=\"true\" data-template-id=\"1295\">\t\t<div data-elementor-type=\"container\" data-elementor-id=\"1295\" class=\"elementor elementor-1295\" data-elementor-post-type=\"elementor_library\">\n\t\t\t\t<div class=\"elementor-element elementor-element-6ba8c1d8 e-con-full e-flex e-con e-parent\" data-id=\"6ba8c1d8\" data-element_type=\"container\">\n\t\t<div class=\"elementor-element elementor-element-6d8ff0c5 e-con-full e-flex e-con e-child\" data-id=\"6d8ff0c5\" data-element_type=\"container\" data-settings=\"{&quot;background_background&quot;:&quot;classic&quot;}\">\n\t\t\t\t<div class=\"elementor-element elementor-element-4af014e3 elementor-widget elementor-widget-html\" data-id=\"4af014e3\" data-element_type=\"widget\" data-widget_type=\"html.default\">\n\t\t\t\t\t<script>\n  document.addEventListener(\"DOMContentLoaded\", function () {\n    const progressBar = document.querySelector(\"progress-bar-slide1\");\n\n    progressBar.addEventListener(\"animationend\", function () {\n      \/\/ Navigiere zum Anker #slide1\n      window.location.hash = \"#slide2\";\n    });\n  });\n<\/script>\n\n\t\t\t\t<\/div>\n\t\t\t\t<\/div>\n\t\t<div class=\"elementor-element elementor-element-c8955ec e-con-full e-flex e-con e-child\" data-id=\"c8955ec\" data-element_type=\"container\">\n\t\t<div class=\"elementor-element elementor-element-269edf70 e-con-full e-flex e-con e-child\" data-id=\"269edf70\" data-element_type=\"container\">\n\t\t<div class=\"elementor-element elementor-element-790d74f5 e-con-full e-flex e-con e-child\" data-id=\"790d74f5\" data-element_type=\"container\">\n\t\t<div class=\"elementor-element elementor-element-79c2b99b e-con-full e-flex e-con e-child\" data-id=\"79c2b99b\" data-element_type=\"container\">\n\t\t\t\t<div class=\"elementor-element elementor-element-771f09c0 elementor-widget__width-inherit elementor-widget elementor-widget-html\" data-id=\"771f09c0\" data-element_type=\"widget\" data-widget_type=\"html.default\">\n\t\t\t\t\t<div class=\"progress-container\">\n  \n<\/div>\n\t\t\t\t<\/div>\n\t\t\t\t<\/div>\n\t\t<div class=\"elementor-element elementor-element-75f97f14 e-con-full e-flex e-con e-child\" data-id=\"75f97f14\" data-element_type=\"container\">\n\t\t\t\t<div class=\"elementor-element elementor-element-3997f7b4 elementor-widget elementor-widget-heading\" data-id=\"3997f7b4\" data-element_type=\"widget\" data-widget_type=\"heading.default\">\n\t\t\t\t\t<h2 class=\"elementor-heading-title elementor-size-default\"><a href=\"#slide1\">Neubau<\/a><\/h2>\t\t\t\t<\/div>\n\t\t\t\t<div class=\"elementor-element elementor-element-1623828 elementor-widget elementor-widget-text-editor\" data-id=\"1623828\" data-element_type=\"widget\" data-widget_type=\"text-editor.default\">\n\t\t\t\t\t\t\t\t\t<p><a href=\"#slide1\">Elektro Thies plant und installiert normgerecht nach DIN\u202fVDE, inklusive Z\u00e4hlerschrank, Leitungen und Reserve\u2011Leerrohren f\u00fcr sp\u00e4tere Erweiterungen.<\/a><\/p>\t\t\t\t\t\t\t\t<\/div>\n\t\t\t\t<\/div>\n\t\t\t\t<\/div>\n\t\t<div class=\"elementor-element elementor-element-5d8e4618 e-con-full e-flex e-con e-child\" data-id=\"5d8e4618\" data-element_type=\"container\">\n\t\t<div class=\"elementor-element elementor-element-358f3448 e-con-full e-flex e-con e-child\" data-id=\"358f3448\" data-element_type=\"container\">\n\t\t\t\t<div class=\"elementor-element elementor-element-2a0edcf7 elementor-widget__width-inherit elementor-widget elementor-widget-html\" data-id=\"2a0edcf7\" data-element_type=\"widget\" data-widget_type=\"html.default\">\n\t\t\t\t\t<div class=\"progress-container\">\n  <div class=\"progress-bar-slide2\"><\/div>\n<\/div>\n\t\t\t\t<\/div>\n\t\t\t\t<\/div>\n\t\t<div class=\"elementor-element elementor-element-7642955f e-con-full e-flex e-con e-child\" data-id=\"7642955f\" data-element_type=\"container\">\n\t\t\t\t<div class=\"elementor-element elementor-element-292e73 elementor-widget elementor-widget-heading\" data-id=\"292e73\" data-element_type=\"widget\" data-widget_type=\"heading.default\">\n\t\t\t\t\t<h2 class=\"elementor-heading-title elementor-size-default\">Altbau<\/h2>\t\t\t\t<\/div>\n\t\t\t\t<div class=\"elementor-element elementor-element-40b16747 elementor-widget elementor-widget-text-editor\" data-id=\"40b16747\" data-element_type=\"widget\" data-widget_type=\"text-editor.default\">\n\t\t\t\t\t\t\t\t\t<p>Altbaumut zur Elektro-zukunft: wir ersetzen Leitungen, Schalter und Steckdosen, schonen den Charakter Ihres Hauses und bringen modernen Schutz.<\/p>\t\t\t\t\t\t\t\t<\/div>\n\t\t\t\t<\/div>\n\t\t\t\t<\/div>\n\t\t\t\t<\/div>\n\t\t\t\t<div class=\"elementor-element elementor-element-2ee18735 elementor-widget elementor-widget-button\" data-id=\"2ee18735\" data-element_type=\"widget\" data-widget_type=\"button.default\">\n\t\t\t\t\t\t\t\t\t\t<a class=\"elementor-button elementor-button-link elementor-size-sm\" href=\"#Kontakt\">\n\t\t\t\t\t\t<span class=\"elementor-button-content-wrapper\">\n\t\t\t\t\t\t\t\t\t<span class=\"elementor-button-text\">Anfrage<\/span>\n\t\t\t\t\t<\/span>\n\t\t\t\t\t<\/a>\n\t\t\t\t\t\t\t\t<\/div>\n\t\t\t\t<\/div>\n\t\t\t\t<\/div>\n\t\t\t\t<\/div>\n\t\t<\/div>\t\t\t<\/div>\n\t\t\t\t\t<\/div>\n\t\t\t\t\t\t<\/div>\n\t\t\t\t<\/div>\n\t\t\t\t<\/div>\n\t\t<div class=\"elementor-element elementor-element-779b94fa e-flex e-con-boxed e-con e-parent\" data-id=\"779b94fa\" data-element_type=\"container\">\n\t\t\t\t\t<div class=\"e-con-inner\">\n\t\t\t\t<div class=\"elementor-element elementor-element-25d1745e elementor-widget elementor-widget-spacer\" data-id=\"25d1745e\" data-element_type=\"widget\" data-widget_type=\"spacer.default\">\n\t\t\t\t\t\t\t<div class=\"elementor-spacer\">\n\t\t\t<div class=\"elementor-spacer-inner\"><\/div>\n\t\t<\/div>\n\t\t\t\t\t\t<\/div>\n\t\t\t\t\t<\/div>\n\t\t\t\t<\/div>\n\t\t<div class=\"elementor-element elementor-element-972dac8 e-con-full e-flex e-con e-parent\" data-id=\"972dac8\" data-element_type=\"container\" id=\"Photovoltaik\" data-settings=\"{&quot;background_background&quot;:&quot;gradient&quot;}\">\n\t\t<div class=\"elementor-element elementor-element-6ac421a e-con-full e-flex e-con e-child\" data-id=\"6ac421a\" data-element_type=\"container\">\n\t\t\t\t<div class=\"elementor-element elementor-element-be5816c elementor-widget elementor-widget-heading\" data-id=\"be5816c\" data-element_type=\"widget\" data-widget_type=\"heading.default\">\n\t\t\t\t\t<h2 class=\"elementor-heading-title elementor-size-default\">Photovoltaik<\/h2>\t\t\t\t<\/div>\n\t\t\t\t<div class=\"elementor-element elementor-element-e393035 elementor-widget elementor-widget-text-editor\" data-id=\"e393035\" data-element_type=\"widget\" data-widget_type=\"text-editor.default\">\n\t\t\t\t\t\t\t\t\t<p>Setzen Sie auf Sonnenkraft \u2013 mit unserem Komplettservice inklusive Beratung, Planung, Montage, optionalem Speicher und regelm\u00e4\u00dfiger Wartung. Damit sichern Sie sich Unabh\u00e4ngigkeit, sparen bis zu 70\u202f% beim Eigenverbrauch und schonen Umwelt und Geldbeutel.<\/p>\t\t\t\t\t\t\t\t<\/div>\n\t\t\t\t<div class=\"elementor-element elementor-element-eeca5e4 elementor-align-left elementor-widget elementor-widget-button\" data-id=\"eeca5e4\" data-element_type=\"widget\" data-widget_type=\"button.default\">\n\t\t\t\t\t\t\t\t\t\t<a class=\"elementor-button elementor-button-link elementor-size-sm\" href=\"#Kontakt\">\n\t\t\t\t\t\t<span class=\"elementor-button-content-wrapper\">\n\t\t\t\t\t\t\t\t\t<span class=\"elementor-button-text\">Anfrage<\/span>\n\t\t\t\t\t<\/span>\n\t\t\t\t\t<\/a>\n\t\t\t\t\t\t\t\t<\/div>\n\t\t\t\t<\/div>\n\t\t<div class=\"elementor-element elementor-element-d3ed4f5 e-con-full e-flex e-con e-child\" data-id=\"d3ed4f5\" data-element_type=\"container\" data-settings=\"{&quot;background_background&quot;:&quot;classic&quot;}\">\n\t\t<div class=\"elementor-element elementor-element-3e38592 e-con-full e-flex e-con e-child\" data-id=\"3e38592\" data-element_type=\"container\" data-settings=\"{&quot;background_background&quot;:&quot;classic&quot;}\">\n\t\t\t\t<\/div>\n\t\t\t\t<\/div>\n\t\t\t\t<\/div>\n\t\t<div class=\"elementor-element elementor-element-fa929fc e-con-full e-flex e-con e-parent\" data-id=\"fa929fc\" data-element_type=\"container\" id=\"SmartHome\" data-settings=\"{&quot;background_background&quot;:&quot;classic&quot;}\">\n\t\t<div class=\"elementor-element elementor-element-5880333 e-con-full e-flex e-con e-child\" data-id=\"5880333\" data-element_type=\"container\">\n\t\t\t\t<div class=\"elementor-element elementor-element-f5052e1 elementor-widget elementor-widget-heading\" data-id=\"f5052e1\" data-element_type=\"widget\" data-widget_type=\"heading.default\">\n\t\t\t\t\t<h2 class=\"elementor-heading-title elementor-size-default\">Smart Home<\/h2>\t\t\t\t<\/div>\n\t\t\t\t<div class=\"elementor-element elementor-element-e2d14c9 elementor-widget elementor-widget-text-editor\" data-id=\"e2d14c9\" data-element_type=\"widget\" data-widget_type=\"text-editor.default\">\n\t\t\t\t\t\t\t\t\t<p>Mit Homematic\u202fIP &amp; Gira gestalten wir Ihr Zuhause intelligent: Licht, Heizung, Rolll\u00e4den und Sicherheit \u2013 per Funk oder Kabel, steuerbar via App, Sprache oder Touch. Smarte Energieeffizienz und Komfort, exakt abgestimmt auf Ihre Bed\u00fcrfnisse.<\/p>\t\t\t\t\t\t\t\t<\/div>\n\t\t\t\t<div class=\"elementor-element elementor-element-f3a52fc elementor-align-left elementor-widget elementor-widget-button\" data-id=\"f3a52fc\" data-element_type=\"widget\" data-widget_type=\"button.default\">\n\t\t\t\t\t\t\t\t\t\t<a class=\"elementor-button elementor-button-link elementor-size-sm\" href=\"#Kontakt\">\n\t\t\t\t\t\t<span class=\"elementor-button-content-wrapper\">\n\t\t\t\t\t\t\t\t\t<span class=\"elementor-button-text\">Anfrage<\/span>\n\t\t\t\t\t<\/span>\n\t\t\t\t\t<\/a>\n\t\t\t\t\t\t\t\t<\/div>\n\t\t\t\t<\/div>\n\t\t<div class=\"elementor-element elementor-element-fbc43bd e-con-full e-flex e-con e-child\" data-id=\"fbc43bd\" data-element_type=\"container\" data-settings=\"{&quot;background_background&quot;:&quot;classic&quot;}\">\n\t\t<div class=\"elementor-element elementor-element-8fc0450 e-con-full e-flex e-con e-child\" data-id=\"8fc0450\" data-element_type=\"container\" data-settings=\"{&quot;background_background&quot;:&quot;classic&quot;}\">\n\t\t\t\t<\/div>\n\t\t\t\t<\/div>\n\t\t\t\t<\/div>\n\t\t\t\t<\/div>\n\t\t","protected":false},"excerpt":{"rendered":"<p>Ihr Elektroniker aus Gescher Von Neubau bis Modernisierung \u2013 Photovoltaik, Smart-Home und mehr: alles aus einer Hand, normgerecht und nachhaltig. Damit Sie sich Zuhause sicher und wohlf\u00fchlen. Neubau Elektro Thies plant und installiert normgerecht nach DIN\u202fVDE, inklusive Z\u00e4hlerschrank, Leitungen und Reserve\u2011Leerrohren f\u00fcr sp\u00e4tere Erweiterungen. Altbau Altbaumut zur Elektro-zukunft: wir ersetzen Leitungen, Schalter und Steckdosen, schonen [&hellip;]<\/p>\n","protected":false},"author":2,"featured_media":0,"parent":0,"menu_order":0,"comment_status":"closed","ping_status":"closed","template":"","meta":{"footnotes":""},"class_list":["post-398","page","type-page","status-publish","hentry"],"_links":{"self":[{"href":"https:\/\/et.innovative-lab.de\/index.php\/wp-json\/wp\/v2\/pages\/398","targetHints":{"allow":["GET"]}}],"collection":[{"href":"https:\/\/et.innovative-lab.de\/index.php\/wp-json\/wp\/v2\/pages"}],"about":[{"href":"https:\/\/et.innovative-lab.de\/index.php\/wp-json\/wp\/v2\/types\/page"}],"author":[{"embeddable":true,"href":"https:\/\/et.innovative-lab.de\/index.php\/wp-json\/wp\/v2\/users\/2"}],"replies":[{"embeddable":true,"href":"https:\/\/et.innovative-lab.de\/index.php\/wp-json\/wp\/v2\/comments?post=398"}],"version-history":[{"count":203,"href":"https:\/\/et.innovative-lab.de\/index.php\/wp-json\/wp\/v2\/pages\/398\/revisions"}],"predecessor-version":[{"id":1774,"href":"https:\/\/et.innovative-lab.de\/index.php\/wp-json\/wp\/v2\/pages\/398\/revisions\/1774"}],"wp:attachment":[{"href":"https:\/\/et.innovative-lab.de\/index.php\/wp-json\/wp\/v2\/media?parent=398"}],"curies":[{"name":"wp","href":"https:\/\/api.w.org\/{rel}","templated":true}]}}